{"id":93,"date":"2017-07-05T21:31:39","date_gmt":"2017-07-05T19:31:39","guid":{"rendered":"https:\/\/kuramaster.com\/shop\/?page_id=93"},"modified":"2017-07-08T17:31:11","modified_gmt":"2017-07-08T15:31:11","slug":"mentions-legales","status":"publish","type":"page","link":"https:\/\/kuramaster.com\/members\/mentions-legales\/","title":{"rendered":"\u8a18\u8f09\u7fa9\u52d9\u4e8b\u9805"},"content":{"rendered":"<h2>Mentions l\u00e9gales<\/h2>\n<h3>Comit\u00e9 ex\u00e9cutif de Kura Master<\/h3>\n<p>9, rue des Capucines 75001 Paris France<br \/>\nTEL : +33 (0)1 4028 4265<br \/>\n<a href=\"https:\/\/kuramaster.com\/ja\/contact\/\">Contact<\/a><\/p>\n<hr \/>\n<h3>H\u00e9bergeur : OVH<\/h3>\n<p>SAS au capital de 10 000 000 \u20ac RCS Roubaix \u2013 Tourcoing 424 761 419 00045<br \/>\nCode APE 6202A \u2013 N\u00b0 TVA : FR 22 424 761 419<br \/>\nSi\u00e8ge social : 2 rue Kellermann 59100 Roubaix \u2013 France.<\/p>\n","protected":false},"excerpt":{"rendered":"<p>Mentions l\u00e9gales Comit\u00e9 ex\u00e9cutif de Kura Master 9, rue des Capucines 75001 Paris France TEL : +33 (0)1 4028 42 [&hellip;]<\/p>\n","protected":false},"author":1,"featured_media":0,"parent":0,"menu_order":0,"comment_status":"closed","ping_status":"closed","template":"","meta":{"footnotes":""},"class_list":["post-93","page","type-page","status-publish","hentry"],"_links":{"self":[{"href":"https:\/\/kuramaster.com\/members\/wp-json\/wp\/v2\/pages\/93","targetHints":{"allow":["GET"]}}],"collection":[{"href":"https:\/\/kuramaster.com\/members\/wp-json\/wp\/v2\/pages"}],"about":[{"href":"https:\/\/kuramaster.com\/members\/wp-json\/wp\/v2\/types\/page"}],"author":[{"embeddable":true,"href":"https:\/\/kuramaster.com\/members\/wp-json\/wp\/v2\/users\/1"}],"replies":[{"embeddable":true,"href":"https:\/\/kuramaster.com\/members\/wp-json\/wp\/v2\/comments?post=93"}],"version-history":[{"count":5,"href":"https:\/\/kuramaster.com\/members\/wp-json\/wp\/v2\/pages\/93\/revisions"}],"predecessor-version":[{"id":160,"href":"https:\/\/kuramaster.com\/members\/wp-json\/wp\/v2\/pages\/93\/revisions\/160"}],"wp:attachment":[{"href":"https:\/\/kuramaster.com\/members\/wp-json\/wp\/v2\/media?parent=93"}],"curies":[{"name":"wp","href":"https:\/\/api.w.org\/{rel}","templated":true}]}}